{"id":49,"date":"2025-01-20T15:21:53","date_gmt":"2025-01-20T14:21:53","guid":{"rendered":"https:\/\/cafemana.es\/begines-square\/"},"modified":"2025-04-25T15:50:11","modified_gmt":"2025-04-25T13:50:11","slug":"begines-square","status":"publish","type":"page","link":"https:\/\/cafemana.es\/en\/","title":{"rendered":"Caf\u00e9 Man\u00e1 in Plaza Begines"},"content":{"rendered":"\n<blockquote class=\"wp-block-quote is-layout-flow wp-block-quote-is-layout-flow\">\n<p>a pleasant caf\u00e9 in a quiet square<\/p>\n<\/blockquote>\n\n<h2 class=\"wp-block-heading\" id=\"carta\">Menu<\/h2>\n\n<p>&#8230;<\/p>\n\n<h2 class=\"wp-block-heading\" id=\"galeria\">Gallery<\/h2>\n\n<div id='gallery-1' class='gallery galleryid-49 gallery-columns-3 gallery-size-thumbnail'><figure class='gallery-item'>\n\t\t\t<div class='gallery-icon portrait'>\n\t\t\t\t<a href='https:\/\/cafemana.es\/en\/ackee-saltfish-2\/'><img loading=\"lazy\" decoding=\"async\" width=\"150\" height=\"150\" src=\"https:\/\/cafemana.es\/wp-content\/uploads\/2025\/04\/ackee-saltfish-150x150.jpeg\" class=\"attachment-thumbnail size-thumbnail\" alt=\"Ackee saltfish\" \/><\/a>\n\t\t\t<\/div><\/figure><figure class='gallery-item'>\n\t\t\t<div class='gallery-icon portrait'>\n\t\t\t\t<a href='https:\/\/cafemana.es\/en\/rice-and-peas-and-fritters-2\/'><img loading=\"lazy\" decoding=\"async\" width=\"150\" height=\"150\" src=\"https:\/\/cafemana.es\/wp-content\/uploads\/2025\/04\/rice-and-peas-and-fritters-150x150.jpeg\" class=\"attachment-thumbnail size-thumbnail\" alt=\"Rice and peas and fritters\" \/><\/a>\n\t\t\t<\/div><\/figure><figure class='gallery-item'>\n\t\t\t<div class='gallery-icon portrait'>\n\t\t\t\t<a href='https:\/\/cafemana.es\/en\/salmon-2\/'><img loading=\"lazy\" decoding=\"async\" width=\"150\" height=\"150\" src=\"https:\/\/cafemana.es\/wp-content\/uploads\/2025\/04\/salmon-150x150.jpeg\" class=\"attachment-thumbnail size-thumbnail\" alt=\"Salmon\" \/><\/a>\n\t\t\t<\/div><\/figure><figure class='gallery-item'>\n\t\t\t<div class='gallery-icon portrait'>\n\t\t\t\t<a href='https:\/\/cafemana.es\/en\/scotch-egg-2\/'><img loading=\"lazy\" decoding=\"async\" width=\"150\" height=\"150\" src=\"https:\/\/cafemana.es\/wp-content\/uploads\/2025\/04\/scotch-egg-150x150.jpeg\" class=\"attachment-thumbnail size-thumbnail\" alt=\"Scotch egg\" \/><\/a>\n\t\t\t<\/div><\/figure><figure class='gallery-item'>\n\t\t\t<div class='gallery-icon portrait'>\n\t\t\t\t<a href='https:\/\/cafemana.es\/en\/chicken-kebab-2\/'><img loading=\"lazy\" decoding=\"async\" width=\"150\" height=\"150\" src=\"https:\/\/cafemana.es\/wp-content\/uploads\/2025\/04\/chicken-kebab-150x150.jpeg\" class=\"attachment-thumbnail size-thumbnail\" alt=\"Chicken kebab\" \/><\/a>\n\t\t\t<\/div><\/figure><figure class='gallery-item'>\n\t\t\t<div class='gallery-icon portrait'>\n\t\t\t\t<a href='https:\/\/cafemana.es\/en\/quiche-2\/'><img loading=\"lazy\" decoding=\"async\" width=\"150\" height=\"150\" src=\"https:\/\/cafemana.es\/wp-content\/uploads\/2025\/04\/quiche-150x150.jpeg\" class=\"attachment-thumbnail size-thumbnail\" alt=\"Quiche\" \/><\/a>\n\t\t\t<\/div><\/figure><figure class='gallery-item'>\n\t\t\t<div class='gallery-icon portrait'>\n\t\t\t\t<a href='https:\/\/cafemana.es\/en\/rice-and-peas-and-plantain-2\/'><img loading=\"lazy\" decoding=\"async\" width=\"150\" height=\"150\" src=\"https:\/\/cafemana.es\/wp-content\/uploads\/2025\/04\/rice-and-peas-and-plantain-150x150.jpeg\" class=\"attachment-thumbnail size-thumbnail\" alt=\"Rice and peas and plantain\" \/><\/a>\n\t\t\t<\/div><\/figure><figure class='gallery-item'>\n\t\t\t<div class='gallery-icon portrait'>\n\t\t\t\t<a href='https:\/\/cafemana.es\/en\/eggs-2\/'><img loading=\"lazy\" decoding=\"async\" width=\"150\" height=\"150\" src=\"https:\/\/cafemana.es\/wp-content\/uploads\/2025\/04\/eggs-150x150.jpeg\" class=\"attachment-thumbnail size-thumbnail\" alt=\"Eggs\" \/><\/a>\n\t\t\t<\/div><\/figure><figure class='gallery-item'>\n\t\t\t<div class='gallery-icon portrait'>\n\t\t\t\t<a href='https:\/\/cafemana.es\/en\/scones-2-2\/'><img loading=\"lazy\" decoding=\"async\" width=\"150\" height=\"150\" src=\"https:\/\/cafemana.es\/wp-content\/uploads\/2025\/04\/scones-2-150x150.jpeg\" class=\"attachment-thumbnail size-thumbnail\" alt=\"Scones\" \/><\/a>\n\t\t\t<\/div><\/figure><figure class='gallery-item'>\n\t\t\t<div class='gallery-icon portrait'>\n\t\t\t\t<a href='https:\/\/cafemana.es\/en\/beetroot-houmus-2\/'><img loading=\"lazy\" decoding=\"async\" width=\"150\" height=\"150\" src=\"https:\/\/cafemana.es\/wp-content\/uploads\/2025\/04\/beetroot-houmus-150x150.jpeg\" class=\"attachment-thumbnail size-thumbnail\" alt=\"Beetroot houmus\" \/><\/a>\n\t\t\t<\/div><\/figure><figure class='gallery-item'>\n\t\t\t<div class='gallery-icon portrait'>\n\t\t\t\t<a href='https:\/\/cafemana.es\/en\/bagels-on-tray-3\/'><img loading=\"lazy\" decoding=\"async\" width=\"150\" height=\"150\" src=\"https:\/\/cafemana.es\/wp-content\/uploads\/2025\/04\/bagels-on-tray-150x150.jpeg\" class=\"attachment-thumbnail size-thumbnail\" alt=\"Bagels\" \/><\/a>\n\t\t\t<\/div><\/figure><figure class='gallery-item'>\n\t\t\t<div class='gallery-icon landscape'>\n\t\t\t\t<a href='https:\/\/cafemana.es\/en\/bagels-and-cakes-2\/'><img loading=\"lazy\" decoding=\"async\" width=\"150\" height=\"150\" src=\"https:\/\/cafemana.es\/wp-content\/uploads\/2025\/04\/bagels-and-cakes-150x150.jpeg\" class=\"attachment-thumbnail size-thumbnail\" alt=\"Bagels and Cakes\" \/><\/a>\n\t\t\t<\/div><\/figure><figure class='gallery-item'>\n\t\t\t<div class='gallery-icon portrait'>\n\t\t\t\t<a href='https:\/\/cafemana.es\/en\/olive-cake-2\/'><img loading=\"lazy\" decoding=\"async\" width=\"150\" height=\"150\" src=\"https:\/\/cafemana.es\/wp-content\/uploads\/2025\/04\/olive-cake-150x150.jpeg\" class=\"attachment-thumbnail size-thumbnail\" alt=\"Olive cake\" \/><\/a>\n\t\t\t<\/div><\/figure><figure class='gallery-item'>\n\t\t\t<div class='gallery-icon portrait'>\n\t\t\t\t<a href='https:\/\/cafemana.es\/en\/sponge-cake-2\/'><img loading=\"lazy\" decoding=\"async\" width=\"150\" height=\"150\" src=\"https:\/\/cafemana.es\/wp-content\/uploads\/2025\/04\/sponge-cake-150x150.jpeg\" class=\"attachment-thumbnail size-thumbnail\" alt=\"Cakepots\" \/><\/a>\n\t\t\t<\/div><\/figure><figure class='gallery-item'>\n\t\t\t<div class='gallery-icon portrait'>\n\t\t\t\t<a href='https:\/\/cafemana.es\/en\/spotty-mug-2\/'><img loading=\"lazy\" decoding=\"async\" width=\"150\" height=\"150\" src=\"https:\/\/cafemana.es\/wp-content\/uploads\/2025\/04\/spotty-mug-150x150.jpeg\" class=\"attachment-thumbnail size-thumbnail\" alt=\"Cake pots\" \/><\/a>\n\t\t\t<\/div><\/figure>\n\t\t<\/div>\n\n\n<h2 class=\"wp-block-heading\" id=\"ubucacion\">Location<\/h2>\n\n<div class=\"wp-block-webfactory-map\"><div class=\"wp-block-webfactory-map\"><iframe loading=\"lazy\" title=\"Map\" width=\"100%\" height=\"556px\" src=\"https:\/\/www.google.com\/maps\/embed\/v1\/place?q=Plaza%20Begines%205&amp;maptype=roadmap&amp;zoom=16&amp;key=AIzaSyDpp3F0s2XMFiBeiCf6ioD3hM7bIpgnkyY\" frameborder=\"0\"><\/iframe><\/div><\/div>\n\n<p>We are located in the heart of the old town&#8230;<\/p>\n\n<h2 class=\"wp-block-heading\" id=\"nosotros\">About us<\/h2>\n\n<p>&#8230;<\/p>\n\n<h2 class=\"wp-block-heading\" id=\"contacto\">Contact us<\/h2>\n\n<div class=\"wp-block-contact-form-7-contact-form-selector\">\n<div class=\"wpcf7 no-js\" id=\"wpcf7-f59-o1\" lang=\"en-US\" dir=\"ltr\" data-wpcf7-id=\"59\">\n<div class=\"screen-reader-response\"><p role=\"status\" aria-live=\"polite\" aria-atomic=\"true\"><\/p> <ul><\/ul><\/div>\n<form action=\"\/en\/wp-json\/wp\/v2\/pages\/49#wpcf7-f59-o1\" method=\"post\" class=\"wpcf7-form init\" aria-label=\"Contact form\" novalidate=\"novalidate\" data-status=\"init\">\n<fieldset class=\"hidden-fields-container\"><input type=\"hidden\" name=\"_wpcf7\" value=\"59\" \/><input type=\"hidden\" name=\"_wpcf7_version\" value=\"6.1.5\" \/><input type=\"hidden\" name=\"_wpcf7_locale\" value=\"en_US\" \/><input type=\"hidden\" name=\"_wpcf7_unit_tag\" value=\"wpcf7-f59-o1\" \/><input type=\"hidden\" name=\"_wpcf7_container_post\" value=\"0\" \/><input type=\"hidden\" name=\"_wpcf7_posted_data_hash\" value=\"\" \/>\n<\/fieldset>\n<p><label> Your name<br \/>\n<span class=\"wpcf7-form-control-wrap\" data-name=\"your-name\"><input size=\"40\" maxlength=\"400\" class=\"wpcf7-form-control wpcf7-text wpcf7-validates-as-required\" autocomplete=\"name\" aria-required=\"true\" aria-invalid=\"false\" value=\"\" type=\"text\" name=\"your-name\" \/><\/span> <\/label>\n<\/p>\n<p><label> Your email<br \/>\n<span class=\"wpcf7-form-control-wrap\" data-name=\"your-email\"><input size=\"40\" maxlength=\"400\" class=\"wpcf7-form-control wpcf7-email wpcf7-validates-as-required wpcf7-text wpcf7-validates-as-email\" autocomplete=\"email\" aria-required=\"true\" aria-invalid=\"false\" value=\"\" type=\"email\" name=\"your-email\" \/><\/span> <\/label>\n<\/p>\n<p><label> Subject<br \/>\n<span class=\"wpcf7-form-control-wrap\" data-name=\"your-subject\"><input size=\"40\" maxlength=\"400\" class=\"wpcf7-form-control wpcf7-text wpcf7-validates-as-required\" aria-required=\"true\" aria-invalid=\"false\" value=\"\" type=\"text\" name=\"your-subject\" \/><\/span> <\/label>\n<\/p>\n<p><label> Your message (optional)<br \/>\n<span class=\"wpcf7-form-control-wrap\" data-name=\"your-message\"><textarea cols=\"40\" rows=\"10\" maxlength=\"2000\" class=\"wpcf7-form-control wpcf7-textarea\" aria-invalid=\"false\" name=\"your-message\"><\/textarea><\/span>. <\/label>\n<\/p>\n<p><label> Subscribe to the newsletter? You will be asked for confirmation by email.<br \/>\n<span class=\"wpcf7-form-control-wrap\" data-name=\"is-subscribe\"><span class=\"wpcf7-form-control wpcf7-radio\"><span class=\"wpcf7-list-item first\"><span class=\"wpcf7-list-item-label\">Yes<\/span><input type=\"radio\" name=\"is-subscribe\" value=\"Yes\" \/><\/span><span class=\"wpcf7-list-item last\"><span class=\"wpcf7-list-item-label\">No<\/span><input type=\"radio\" name=\"is-subscribe\" value=\"No\" checked=\"checked\" \/><\/span><\/span><\/span><br \/>\n<\/label>\n<\/p>\n<p><span class=\"wpcf7-form-control-wrap\" data-name=\"hcap-cf7\">\t\t<input\n\t\t\t\ttype=\"hidden\"\n\t\t\t\tclass=\"hcaptcha-widget-id\"\n\t\t\t\tname=\"hcaptcha-widget-id\"\n\t\t\t\tvalue=\"eyJzb3VyY2UiOlsiY29udGFjdC1mb3JtLTdcL3dwLWNvbnRhY3QtZm9ybS03LnBocCJdLCJmb3JtX2lkIjo4fQ==-22045ff8ffaf04bd3d96e092d6eb70b2\">\n\t\t\t\t<span id=\"hcap_cf7-69e2244aec01e0.87288580\" class=\"wpcf7-form-control h-captcha \"\n\t\t\tdata-sitekey=\"54c4910a-94d2-4d8c-bc20-85e876604886\"\n\t\t\tdata-theme=\"light\"\n\t\t\tdata-size=\"normal\"\n\t\t\tdata-auto=\"false\"\n\t\t\tdata-ajax=\"false\"\n\t\t\tdata-force=\"false\">\n\t\t<\/span>\n\t\t<input type=\"hidden\" id=\"_wpnonce\" name=\"_wpnonce\" value=\"3feb7df3df\" \/><input type=\"hidden\" name=\"_wp_http_referer\" value=\"\/en\/wp-json\/wp\/v2\/pages\/49\" \/><\/span><input class=\"wpcf7-form-control wpcf7-submit has-spinner\" type=\"submit\" value=\"Send to\" \/>\n<\/p><div class=\"wpcf7-response-output\" aria-hidden=\"true\"><\/div>\n<\/form>\n<\/div>\n<\/div>\n\n<p><\/p>\n","protected":false},"excerpt":{"rendered":"<p>a pleasant caf\u00e9 in a quiet square Menu &#8230; Gallery Location We are located in the heart of the old town&#8230; About us &#8230; Contact us<\/p>\n","protected":false},"author":1,"featured_media":35,"parent":0,"menu_order":0,"comment_status":"closed","ping_status":"closed","template":"template-full-width-cover.php","meta":{"slim_seo":{"title":"Caf\u00e9 Man\u00e1 - a pleasant caf\u00e9 in a quiet square","description":"a pleasant caf\u00e9 in a quiet square Menu ... Gallery Location We are located in the heart of the old town... About us ... Contact us"},"footnotes":""},"class_list":["post-49","page","type-page","status-publish","has-post-thumbnail","hentry"],"_links":{"self":[{"href":"https:\/\/cafemana.es\/en\/wp-json\/wp\/v2\/pages\/49","targetHints":{"allow":["GET"]}}],"collection":[{"href":"https:\/\/cafemana.es\/en\/wp-json\/wp\/v2\/pages"}],"about":[{"href":"https:\/\/cafemana.es\/en\/wp-json\/wp\/v2\/types\/page"}],"author":[{"embeddable":true,"href":"https:\/\/cafemana.es\/en\/wp-json\/wp\/v2\/users\/1"}],"replies":[{"embeddable":true,"href":"https:\/\/cafemana.es\/en\/wp-json\/wp\/v2\/comments?post=49"}],"version-history":[{"count":19,"href":"https:\/\/cafemana.es\/en\/wp-json\/wp\/v2\/pages\/49\/revisions"}],"predecessor-version":[{"id":179,"href":"https:\/\/cafemana.es\/en\/wp-json\/wp\/v2\/pages\/49\/revisions\/179"}],"wp:featuredmedia":[{"embeddable":true,"href":"https:\/\/cafemana.es\/en\/wp-json\/wp\/v2\/media\/35"}],"wp:attachment":[{"href":"https:\/\/cafemana.es\/en\/wp-json\/wp\/v2\/media?parent=49"}],"curies":[{"name":"wp","href":"https:\/\/api.w.org\/{rel}","templated":true}]}}